{"id":1858,"date":"2024-03-08T13:23:49","date_gmt":"2024-03-08T13:23:49","guid":{"rendered":"https:\/\/www.forjasdeberriz.com\/technologie\/"},"modified":"2025-03-04T13:53:32","modified_gmt":"2025-03-04T13:53:32","slug":"technologie","status":"publish","type":"page","link":"https:\/\/www.forjasdeberriz.com\/fr\/technologie\/","title":{"rendered":"TECHNOLOGIE"},"content":{"rendered":"<p><div class=\"fusion-fullwidth fullwidth-box fusion-builder-row-1 fusion-flex-container has-pattern-background has-mask-background nonhundred-percent-fullwidth non-hundred-percent-height-scrolling\" style=\"--awb-border-radius-top-left:0px;--awb-border-radius-top-right:0px;--awb-border-radius-bottom-right:0px;--awb-border-radius-bottom-left:0px;--awb-padding-top:0px;--awb-padding-top-small:28px;--awb-margin-top:100px;--awb-margin-top-medium:59px;--awb-margin-top-small:23px;--awb-flex-wrap:wrap;\" ><div class=\"fusion-builder-row fusion-row fusion-flex-align-items-flex-start fusion-flex-content-wrap\" style=\"max-width:1248px;margin-left: calc(-4% \/ 2 );margin-right: calc(-4% \/ 2 );\"><div class=\"fusion-layout-column fusion_builder_column fusion-builder-column-0 fusion_builder_column_1_2 1_2 fusion-flex-column fusion-flex-align-self-center\" style=\"--awb-bg-size:cover;--awb-width-large:50%;--awb-margin-top-large:0px;--awb-spacing-right-large:3.84%;--awb-margin-bottom-large:20px;--awb-spacing-left-large:3.84%;--awb-width-medium:50%;--awb-order-medium:0;--awb-spacing-right-medium:3.84%;--awb-spacing-left-medium:3.84%;--awb-width-small:100%;--awb-order-small:0;--awb-spacing-right-small:1.92%;--awb-spacing-left-small:1.92%;\"><div class=\"fusion-column-wrapper fusion-column-has-shadow fusion-flex-justify-content-flex-start fusion-content-layout-column\"><div class=\"fusion-title title fusion-title-1 sep-underline sep-solid fusion-title-text fusion-title-size-one\" style=\"--awb-sep-color:var(--awb-color4);--awb-font-size:30px;\"><h1 class=\"fusion-title-heading title-heading-left awb-gradient-text fusion-responsive-typography-calculated\" style=\"font-family:&quot;Barlow Condensed&quot;;font-style:italic;font-weight:600;margin:0;font-size:1em;background-color:var(--awb-color4);background-image:linear-gradient(90deg, var(--awb-color4) 0%,var(--awb-color5) 20%);--fontSize:30;line-height:var(--awb-typography1-line-height);\">FORGEAGE \u00c0 CHAUD<\/h1><\/div><div class=\"fusion-text fusion-text-1\" style=\"--awb-font-size:18px;--awb-letter-spacing:0.000em;\"><p>Nous disposons de l\u2019autonomie n\u00e9cessaire pour d\u00e9velopper les processus de mani\u00e8re globale, ce qui nous permet d\u2019\u00eatre flexibles en cas d\u2019urgence pour nos clients. Nous avons : <\/p>\n<ul>\n<li>1 ligne de presse verticale de 3 150 t<\/li>\n<li>4 lignes de presses verticales de 1 600 t<\/li>\n<li>Chauffage dans les fours \u00e0 induction contr\u00f4l\u00e9s par des pyrom\u00e8tres optiques<\/li>\n<li>3 scies et 1 cisaille pour la coupe \u00e0 froid jusqu\u2019\u00e0 \u00d8120 mm<\/li>\n<li>Presses jusqu\u2019\u00e0 600 t. pour le travail \u00e0 froid (calibrage, poin\u00e7onnage, etc.) <\/li>\n<\/ul>\n<\/div><\/div><\/div><div class=\"fusion-layout-column fusion_builder_column fusion-builder-column-1 fusion_builder_column_1_2 1_2 fusion-flex-column fusion-flex-align-self-center\" style=\"--awb-bg-color:#070707;--awb-bg-color-hover:#070707;--awb-bg-size:cover;--awb-width-large:50%;--awb-margin-top-large:0px;--awb-spacing-right-large:0%;--awb-margin-bottom-large:0px;--awb-spacing-left-large:0.384%;--awb-width-medium:50%;--awb-order-medium:0;--awb-spacing-right-medium:0%;--awb-spacing-left-medium:0.384%;--awb-width-small:100%;--awb-order-small:0;--awb-spacing-right-small:1.92%;--awb-spacing-left-small:1.92%;\"><div class=\"fusion-column-wrapper fusion-column-has-shadow fusion-flex-justify-content-flex-start fusion-content-layout-column\"><div class=\"fusion-video fusion-selfhosted-video\" style=\"max-width:100%;\"><div class=\"video-wrapper\"><video playsinline=\"true\" width=\"100%\" style=\"object-fit: cover;\" autoplay=\"true\" muted=\"true\" preload=\"auto\" controls=\"1\"><source src=\"https:\/\/jsmagvideo.blob.core.windows.net\/19715\/50020\/fullHd.mp4?sv=2022-11-02&amp;ss=bf&amp;srt=o&amp;sp=r&amp;se=2124-06-12T10:27:58Z&amp;st=2024-06-12T02:27:58Z&amp;spr=https&amp;sig=B%2BuM2TuT0uNLm8Fv7HspBzw%2FVatLacAbtjAClGvqzrI%3D#t=00:00,00:00\" type=\"video\/mp4\">Sorry, your browser doesn&#039;t support embedded videos.<\/video><\/div><\/div><\/div><\/div><\/div><\/div><div class=\"fusion-fullwidth fullwidth-box fusion-builder-row-2 fusion-flex-container has-pattern-background has-mask-background nonhundred-percent-fullwidth non-hundred-percent-height-scrolling\" style=\"--awb-border-radius-top-left:0px;--awb-border-radius-top-right:0px;--awb-border-radius-bottom-right:0px;--awb-border-radius-bottom-left:0px;--awb-padding-top:10px;--awb-padding-top-small:0px;--awb-margin-top:0px;--awb-margin-top-small:71px;--awb-flex-wrap:wrap;\" ><div class=\"fusion-builder-row fusion-row fusion-flex-align-items-flex-start fusion-flex-content-wrap\" style=\"max-width:1248px;margin-left: calc(-4% \/ 2 );margin-right: calc(-4% \/ 2 );\"><div class=\"fusion-layout-column fusion_builder_column fusion-builder-column-2 fusion_builder_column_1_2 1_2 fusion-flex-column\" style=\"--awb-bg-size:cover;--awb-width-large:50%;--awb-margin-top-large:0px;--awb-spacing-right-large:3.84%;--awb-margin-bottom-large:20px;--awb-spacing-left-large:3.84%;--awb-width-medium:50%;--awb-order-medium:0;--awb-spacing-right-medium:3.84%;--awb-spacing-left-medium:3.84%;--awb-width-small:100%;--awb-order-small:0;--awb-spacing-right-small:1.92%;--awb-spacing-left-small:1.92%;\"><div class=\"fusion-column-wrapper fusion-column-has-shadow fusion-flex-justify-content-center fusion-content-layout-column\"><div class=\"fusion-title title fusion-title-2 sep-underline sep-solid fusion-title-text fusion-title-size-two\" style=\"--awb-sep-color:var(--awb-color4);--awb-font-size:30px;\"><h2 class=\"fusion-title-heading title-heading-left awb-gradient-text fusion-responsive-typography-calculated\" style=\"font-family:&quot;Barlow Condensed&quot;;font-style:italic;font-weight:600;margin:0;font-size:1em;background-color:var(--awb-color4);background-image:linear-gradient(90deg, var(--awb-color4) 0%,var(--awb-color5) 20%);--fontSize:30;line-height:var(--awb-typography1-line-height);\">USINAGE<\/h2><\/div><div class=\"fusion-text fusion-text-2\" style=\"--awb-font-size:18px;\"><p>Nous avons les moyens d\u2019usiner une partie de notre production de pi\u00e8ces forg\u00e9es. Nous sous-traitons le reste \u00e0 des usineurs certifi\u00e9s et totalement fiables qui collaborent avec nous pour r\u00e9pondre aux diverses demandes de nos clients. Nous disposons de :  <\/p>\n<ul>\n<li>DOOSAN HP 5100 Centre horizontal<\/li>\n<li>Tour DOOSAN PUMA 2600<\/li>\n<li>Machine 3D ZEISS Contura G2<\/li>\n<\/ul>\n<\/div><\/div><\/div><div class=\"fusion-layout-column fusion_builder_column fusion-builder-column-3 fusion_builder_column_1_2 1_2 fusion-flex-column fusion-flex-align-self-center\" style=\"--awb-padding-top:30px;--awb-padding-top-small:0px;--awb-bg-size:cover;--awb-width-large:50%;--awb-margin-top-large:28px;--awb-spacing-right-large:0%;--awb-margin-bottom-large:0px;--awb-spacing-left-large:0.576%;--awb-width-medium:50%;--awb-order-medium:0;--awb-spacing-right-medium:0%;--awb-spacing-left-medium:0.576%;--awb-width-small:100%;--awb-order-small:0;--awb-margin-top-small:0px;--awb-spacing-right-small:0.096%;--awb-spacing-left-small:0%;\"><div class=\"fusion-column-wrapper fusion-column-has-shadow fusion-flex-justify-content-center fusion-content-layout-column\"><div class=\"fusion-video fusion-selfhosted-video\" style=\"max-width:100%;\"><div class=\"video-wrapper\"><video playsinline=\"true\" width=\"100%\" style=\"object-fit: cover;\" autoplay=\"true\" muted=\"true\" loop=\"true\" preload=\"auto\" controls=\"1\"><source src=\"https:\/\/jsmagvideo.blob.core.windows.net\/19715\/48005\/fullHd.mp4?sv=2022-11-02&amp;ss=bf&amp;srt=o&amp;sp=r&amp;se=2124-06-12T10:27:58Z&amp;st=2024-06-12T02:27:58Z&amp;spr=https&amp;sig=B%2BuM2TuT0uNLm8Fv7HspBzw%2FVatLacAbtjAClGvqzrI%3D\" type=\"video\/mp4\">Sorry, your browser doesn&#039;t support embedded videos.<\/video><\/div><\/div><\/div><\/div><\/div><\/div><div class=\"fusion-fullwidth fullwidth-box fusion-builder-row-3 fusion-flex-container has-pattern-background has-mask-background nonhundred-percent-fullwidth non-hundred-percent-height-scrolling\" style=\"--awb-border-radius-top-left:0px;--awb-border-radius-top-right:0px;--awb-border-radius-bottom-right:0px;--awb-border-radius-bottom-left:0px;--awb-padding-top:0px;--awb-margin-top:0px;--awb-margin-bottom:52px;--awb-flex-wrap:wrap;\" ><div class=\"fusion-builder-row fusion-row fusion-flex-align-items-flex-start fusion-flex-content-wrap\" style=\"max-width:1248px;margin-left: calc(-4% \/ 2 );margin-right: calc(-4% \/ 2 );\"><div class=\"fusion-layout-column fusion_builder_column fusion-builder-column-4 fusion_builder_column_1_2 1_2 fusion-flex-column fusion-flex-align-self-center\" style=\"--awb-padding-top:72px;--awb-bg-size:cover;--awb-width-large:50%;--awb-margin-top-large:0px;--awb-spacing-right-large:3.84%;--awb-margin-bottom-large:0px;--awb-spacing-left-large:3.84%;--awb-width-medium:50%;--awb-order-medium:0;--awb-spacing-right-medium:3.84%;--awb-spacing-left-medium:3.84%;--awb-width-small:100%;--awb-order-small:0;--awb-spacing-right-small:1.92%;--awb-spacing-left-small:1.92%;\"><div class=\"fusion-column-wrapper fusion-column-has-shadow fusion-flex-justify-content-center fusion-content-layout-column\"><div class=\"fusion-title title fusion-title-3 sep-underline sep-solid fusion-title-text fusion-title-size-two\" style=\"--awb-sep-color:var(--awb-color4);--awb-font-size:30px;\"><h2 class=\"fusion-title-heading title-heading-left awb-gradient-text fusion-responsive-typography-calculated\" style=\"font-family:&quot;Barlow Condensed&quot;;font-style:italic;font-weight:600;margin:0;font-size:1em;background-color:var(--awb-color4);background-image:linear-gradient(90deg, var(--awb-color4) 0%,var(--awb-color5) 20%);--fontSize:30;line-height:var(--awb-typography1-line-height);\">OUTILLAGES<\/h2><\/div><div class=\"fusion-text fusion-text-3\" style=\"--awb-font-size:18px;\"><p>Notre d\u00e9partement d\u2019ing\u00e9nierie est responsable de la conception, de la fabrication et de l\u2019entretien des matrices. L\u2019utilisation de logiciels de simulation nous permet de valider la conception des matrices et d\u2019optimiser le processus de forgeage. Nous disposons de :  <\/p>\n<ul>\n<li>Centres d\u2019usinage \u00e0 grande vitesse<\/li>\n<li>Logiciel de simulation de forgeage<\/li>\n<li>Robot de soudage<\/li>\n<li>Machines \u00e0 fraiser<\/li>\n<li>Tours et fraiseuses conventionnels<\/li>\n<li>\u00c9quipement d\u2019usinage par d\u00e9charge \u00e9lectrique (EDM)<\/li>\n<li>Scies \u00e0 ruban et perceuses<\/li>\n<\/ul>\n<\/div><\/div><\/div><div class=\"fusion-layout-column fusion_builder_column fusion-builder-column-5 fusion_builder_column_1_2 1_2 fusion-flex-column fusion-flex-align-self-center\" style=\"--awb-padding-top:50px;--awb-padding-top-small:0px;--awb-bg-size:cover;--awb-width-large:50%;--awb-margin-top-large:50px;--awb-spacing-right-large:0%;--awb-margin-bottom-large:39px;--awb-spacing-left-large:0%;--awb-width-medium:50%;--awb-order-medium:0;--awb-spacing-right-medium:0%;--awb-spacing-left-medium:0%;--awb-width-small:100%;--awb-order-small:0;--awb-margin-top-small:5px;--awb-spacing-right-small:1.92%;--awb-margin-bottom-small:0px;--awb-spacing-left-small:1.92%;\"><div class=\"fusion-column-wrapper fusion-column-has-shadow fusion-flex-justify-content-center fusion-content-layout-column\"><div class=\"fusion-video fusion-selfhosted-video\" style=\"max-width:100%;\"><div class=\"video-wrapper\"><video playsinline=\"true\" width=\"100%\" style=\"object-fit: cover;\" autoplay=\"true\" muted=\"true\" loop=\"true\" preload=\"auto\" controls=\"1\"><source src=\"https:\/\/jsmagvideo.blob.core.windows.net\/19715\/48009\/fullHd.mp4?sv=2022-11-02&amp;ss=bf&amp;srt=o&amp;sp=r&amp;se=2124-06-12T10:27:58Z&amp;st=2024-06-12T02:27:58Z&amp;spr=https&amp;sig=B%2BuM2TuT0uNLm8Fv7HspBzw%2FVatLacAbtjAClGvqzrI%3D\" type=\"video\/mp4\">Sorry, your browser doesn&#039;t support embedded videos.<\/video><\/div><\/div><\/div><\/div><\/div><\/div><\/p>\n","protected":false},"excerpt":{"rendered":"","protected":false},"author":10,"featured_media":0,"parent":0,"menu_order":0,"comment_status":"closed","ping_status":"closed","template":"100-width.php","meta":{"footnotes":""},"class_list":["post-1858","page","type-page","status-publish","hentry"],"yoast_head":"<!-- This site is optimized with the Yoast SEO plugin v26.8 - https:\/\/yoast.com\/product\/yoast-seo-wordpress\/ -->\n<title>Emboutissage \u00e0 chaud - D\u00e9coupage - Usinage<\/title>\n<meta name=\"description\" content=\"Estampage \u00e0 chaud, forgeage, matri\u00e7age et usinage de pi\u00e8ces en acier. Forjas de Berriz, fabrication, conception et forgeage de pi\u00e8ces en acier en Biscaye.\" \/>\n<meta name=\"robots\" content=\"index, follow, max-snippet:-1, max-image-preview:large, max-video-preview:-1\" \/>\n<link rel=\"canonical\" href=\"https:\/\/www.forjasdeberriz.com\/fr\/technologie\/\" \/>\n<meta property=\"og:locale\" content=\"fr_FR\" \/>\n<meta property=\"og:type\" content=\"article\" \/>\n<meta property=\"og:title\" content=\"Technologie - Forjas de Berriz\" \/>\n<meta property=\"og:description\" content=\"Notre technologie est bas\u00e9e sur la conception int\u00e9grale de la pi\u00e8ce, le forgeage \u00e0 chaud, l&#039;usinage et l&#039;emboutissage avec des machines de pointe.\" \/>\n<meta property=\"og:url\" content=\"https:\/\/www.forjasdeberriz.com\/fr\/technologie\/\" \/>\n<meta property=\"og:site_name\" content=\"Forjas de Berriz\" \/>\n<meta property=\"article:modified_time\" content=\"2025-03-04T13:53:32+00:00\" \/>\n<meta property=\"og:image\" content=\"https:\/\/www.forjasdeberriz.com\/wp-content\/uploads\/2024\/10\/robot-de-soldadura-1024x663.jpg\" \/>\n<meta name=\"twitter:card\" content=\"summary_large_image\" \/>\n<meta name=\"twitter:label1\" content=\"Est. reading time\" \/>\n\t<meta name=\"twitter:data1\" content=\"17 minutes\" \/>\n<script type=\"application\/ld+json\" class=\"yoast-schema-graph\">{\"@context\":\"https:\/\/schema.org\",\"@graph\":[{\"@type\":\"WebPage\",\"@id\":\"https:\/\/www.forjasdeberriz.com\/fr\/technologie\/\",\"url\":\"https:\/\/www.forjasdeberriz.com\/fr\/technologie\/\",\"name\":\"Emboutissage \u00e0 chaud - D\u00e9coupage - Usinage\",\"isPartOf\":{\"@id\":\"https:\/\/www.forjasdeberriz.com\/#website\"},\"datePublished\":\"2024-03-08T13:23:49+00:00\",\"dateModified\":\"2025-03-04T13:53:32+00:00\",\"description\":\"Estampage \u00e0 chaud, forgeage, matri\u00e7age et usinage de pi\u00e8ces en acier. Forjas de Berriz, fabrication, conception et forgeage de pi\u00e8ces en acier en Biscaye.\",\"breadcrumb\":{\"@id\":\"https:\/\/www.forjasdeberriz.com\/fr\/technologie\/#breadcrumb\"},\"inLanguage\":\"fr-FR\",\"potentialAction\":[{\"@type\":\"ReadAction\",\"target\":[\"https:\/\/www.forjasdeberriz.com\/fr\/technologie\/\"]}]},{\"@type\":\"BreadcrumbList\",\"@id\":\"https:\/\/www.forjasdeberriz.com\/fr\/technologie\/#breadcrumb\",\"itemListElement\":[{\"@type\":\"ListItem\",\"position\":1,\"name\":\"Home\",\"item\":\"https:\/\/www.forjasdeberriz.com\/fr\/accueil\/\"},{\"@type\":\"ListItem\",\"position\":2,\"name\":\"TECHNOLOGIE\"}]},{\"@type\":\"WebSite\",\"@id\":\"https:\/\/www.forjasdeberriz.com\/#website\",\"url\":\"https:\/\/www.forjasdeberriz.com\/\",\"name\":\"Forjas de Berriz\",\"description\":\"\",\"potentialAction\":[{\"@type\":\"SearchAction\",\"target\":{\"@type\":\"EntryPoint\",\"urlTemplate\":\"https:\/\/www.forjasdeberriz.com\/?s={search_term_string}\"},\"query-input\":{\"@type\":\"PropertyValueSpecification\",\"valueRequired\":true,\"valueName\":\"search_term_string\"}}],\"inLanguage\":\"fr-FR\"}]}<\/script>\n<!-- \/ Yoast SEO plugin. -->","yoast_head_json":{"title":"Emboutissage \u00e0 chaud - D\u00e9coupage - Usinage","description":"Estampage \u00e0 chaud, forgeage, matri\u00e7age et usinage de pi\u00e8ces en acier. Forjas de Berriz, fabrication, conception et forgeage de pi\u00e8ces en acier en Biscaye.","robots":{"index":"index","follow":"follow","max-snippet":"max-snippet:-1","max-image-preview":"max-image-preview:large","max-video-preview":"max-video-preview:-1"},"canonical":"https:\/\/www.forjasdeberriz.com\/fr\/technologie\/","og_locale":"fr_FR","og_type":"article","og_title":"Technologie - Forjas de Berriz","og_description":"Notre technologie est bas\u00e9e sur la conception int\u00e9grale de la pi\u00e8ce, le forgeage \u00e0 chaud, l'usinage et l'emboutissage avec des machines de pointe.","og_url":"https:\/\/www.forjasdeberriz.com\/fr\/technologie\/","og_site_name":"Forjas de Berriz","article_modified_time":"2025-03-04T13:53:32+00:00","og_image":[{"url":"https:\/\/www.forjasdeberriz.com\/wp-content\/uploads\/2024\/10\/robot-de-soldadura-1024x663.jpg","type":"","width":"","height":""}],"twitter_card":"summary_large_image","twitter_misc":{"Est. reading time":"17 minutes"},"schema":{"@context":"https:\/\/schema.org","@graph":[{"@type":"WebPage","@id":"https:\/\/www.forjasdeberriz.com\/fr\/technologie\/","url":"https:\/\/www.forjasdeberriz.com\/fr\/technologie\/","name":"Emboutissage \u00e0 chaud - D\u00e9coupage - Usinage","isPartOf":{"@id":"https:\/\/www.forjasdeberriz.com\/#website"},"datePublished":"2024-03-08T13:23:49+00:00","dateModified":"2025-03-04T13:53:32+00:00","description":"Estampage \u00e0 chaud, forgeage, matri\u00e7age et usinage de pi\u00e8ces en acier. Forjas de Berriz, fabrication, conception et forgeage de pi\u00e8ces en acier en Biscaye.","breadcrumb":{"@id":"https:\/\/www.forjasdeberriz.com\/fr\/technologie\/#breadcrumb"},"inLanguage":"fr-FR","potentialAction":[{"@type":"ReadAction","target":["https:\/\/www.forjasdeberriz.com\/fr\/technologie\/"]}]},{"@type":"BreadcrumbList","@id":"https:\/\/www.forjasdeberriz.com\/fr\/technologie\/#breadcrumb","itemListElement":[{"@type":"ListItem","position":1,"name":"Home","item":"https:\/\/www.forjasdeberriz.com\/fr\/accueil\/"},{"@type":"ListItem","position":2,"name":"TECHNOLOGIE"}]},{"@type":"WebSite","@id":"https:\/\/www.forjasdeberriz.com\/#website","url":"https:\/\/www.forjasdeberriz.com\/","name":"Forjas de Berriz","description":"","potentialAction":[{"@type":"SearchAction","target":{"@type":"EntryPoint","urlTemplate":"https:\/\/www.forjasdeberriz.com\/?s={search_term_string}"},"query-input":{"@type":"PropertyValueSpecification","valueRequired":true,"valueName":"search_term_string"}}],"inLanguage":"fr-FR"}]}},"_links":{"self":[{"href":"https:\/\/www.forjasdeberriz.com\/fr\/wp-json\/wp\/v2\/pages\/1858","targetHints":{"allow":["GET"]}}],"collection":[{"href":"https:\/\/www.forjasdeberriz.com\/fr\/wp-json\/wp\/v2\/pages"}],"about":[{"href":"https:\/\/www.forjasdeberriz.com\/fr\/wp-json\/wp\/v2\/types\/page"}],"author":[{"embeddable":true,"href":"https:\/\/www.forjasdeberriz.com\/fr\/wp-json\/wp\/v2\/users\/10"}],"replies":[{"embeddable":true,"href":"https:\/\/www.forjasdeberriz.com\/fr\/wp-json\/wp\/v2\/comments?post=1858"}],"version-history":[{"count":17,"href":"https:\/\/www.forjasdeberriz.com\/fr\/wp-json\/wp\/v2\/pages\/1858\/revisions"}],"predecessor-version":[{"id":2693,"href":"https:\/\/www.forjasdeberriz.com\/fr\/wp-json\/wp\/v2\/pages\/1858\/revisions\/2693"}],"wp:attachment":[{"href":"https:\/\/www.forjasdeberriz.com\/fr\/wp-json\/wp\/v2\/media?parent=1858"}],"curies":[{"name":"wp","href":"https:\/\/api.w.org\/{rel}","templated":true}]}}