{"id":1931,"date":"2024-12-09T08:38:23","date_gmt":"2024-12-09T08:38:23","guid":{"rendered":"https:\/\/www.forjasdeberriz.com\/politique-en-matiere-de-cookies\/"},"modified":"2025-04-09T06:20:25","modified_gmt":"2025-04-09T06:20:25","slug":"politique-en-matiere-de-cookies","status":"publish","type":"page","link":"https:\/\/www.forjasdeberriz.com\/fr\/politique-en-matiere-de-cookies\/","title":{"rendered":"POLITIQUE EN MATI\u00c8RE DE COOKIES"},"content":{"rendered":"<div class=\"fusion-fullwidth fullwidth-box fusion-builder-row-1 fusion-flex-container nonhundred-percent-fullwidth non-hundred-percent-height-scrolling\" style=\"--awb-border-radius-top-left:0px;--awb-border-radius-top-right:0px;--awb-border-radius-bottom-right:0px;--awb-border-radius-bottom-left:0px;--awb-padding-top:100px;--awb-padding-right:90px;--awb-padding-left:99px;--awb-flex-wrap:wrap;\" ><div class=\"fusion-builder-row fusion-row fusion-flex-align-items-flex-start fusion-flex-content-wrap\" style=\"max-width:1248px;margin-left: calc(-4% \/ 2 );margin-right: calc(-4% \/ 2 );\"><div class=\"fusion-layout-column fusion_builder_column fusion-builder-column-0 fusion_builder_column_1_1 1_1 fusion-flex-column\" style=\"--awb-bg-blend:overlay;--awb-bg-size:cover;--awb-width-large:100%;--awb-margin-top-large:0px;--awb-spacing-right-large:1.92%;--awb-margin-bottom-large:0px;--awb-spacing-left-large:1.92%;--awb-width-medium:100%;--awb-spacing-right-medium:1.92%;--awb-spacing-left-medium:1.92%;--awb-width-small:100%;--awb-spacing-right-small:1.92%;--awb-spacing-left-small:1.92%;\"><div class=\"fusion-column-wrapper fusion-flex-justify-content-flex-start fusion-content-layout-column\"><div class=\"fusion-text fusion-text-1\"><p>Date d\u2019entr\u00e9e en vigueur : 09-Dec-2024 Derni\u00e8re mise \u00e0 jour : 09-Dec-2024<\/p>\n<p><strong>Qu\u2019est-ce que les cookies sur le web?<\/strong><\/p>\n<p>La pr\u00e9sente politique en mati\u00e8re de cookies explique ce que sont les cookies et comment nous les utilisons, c\u2019est-\u00e0-dire quelles informations nous collectons par le biais des cookies et comment ces informations sont utilis\u00e9es, et comment g\u00e9rer vos param\u00e8tres de cookies. Les cookies sont de petits fichiers texte qui sont utilis\u00e9s pour stocker de petits \u00e9l\u00e9ments d\u2019information. Ils sont stock\u00e9s sur votre appareil lorsque le site web se charge dans votre navigateur. Ces cookies nous aident \u00e0 faire fonctionner correctement le site web, \u00e0 le rendre plus s\u00fbr, \u00e0 offrir une meilleure exp\u00e9rience \u00e0 l\u2019utilisateur, \u00e0 comprendre comment le site web fonctionne et \u00e0 analyser ce qui fonctionne et ce qui doit \u00eatre am\u00e9lior\u00e9.  <\/p>\n<p>\u00a0<\/p>\n<p><strong>Comment utilisons-nous les cookies ?<\/strong><\/p>\n<p>Comme la plupart des services en ligne, notre site web utilise des cookies de premi\u00e8re partie et de tierce partie pour un certain nombre de raisons.<br \/>\nLes cookies de premi\u00e8re partie sont principalement n\u00e9cessaires au bon fonctionnement du site web et ne collectent aucune donn\u00e9e personnelle identifiable. Les cookies de tierce partie utilis\u00e9s sur notre site web servent principalement \u00e0 comprendre comment le site web fonctionne, comment vous interagissez avec notre site web, \u00e0 assurer la s\u00e9curit\u00e9 de nos services, \u00e0 fournir des publicit\u00e9s pertinentes pour vous et, de mani\u00e8re g\u00e9n\u00e9rale, \u00e0 vous offrir une exp\u00e9rience utilisateur meilleure et am\u00e9lior\u00e9e et \u00e0 acc\u00e9l\u00e9rer vos interactions futures avec notre site web. <\/p>\n<p>\u00a0<\/p>\n<p><strong>Types de cookies que nous utilisons<\/strong><\/p>\n<p>G\u00e9rer les pr\u00e9f\u00e9rences en mati\u00e8re de cookies Param\u00e8tres des cookies Vous pouvez modifier vos pr\u00e9f\u00e9rences en mati\u00e8re de cookies \u00e0 tout moment en cliquant sur le bouton ci-dessus. Cela vous permettra de revenir sur la banni\u00e8re de consentement aux cookies et de modifier vos pr\u00e9f\u00e9rences ou de retirer votre consentement imm\u00e9diatement. En outre, les navigateurs proposent des m\u00e9thodes diff\u00e9rentes pour bloquer et supprimer les cookies utilis\u00e9s par les sites web. Vous pouvez modifier les param\u00e8tres de votre navigateur pour bloquer\/supprimer les cookies. Vous trouverez ci-dessous des liens vers des documents d\u2019assistance sur la mani\u00e8re de g\u00e9rer et de supprimer les cookies \u00e0 partir des principaux navigateurs web. <\/p>\n<ul>\n<li>Chrome : https:\/\/support.google.com\/accounts\/answer\/32050<\/li>\n<li>Safari : https:\/\/support.apple.com\/en-in\/guide\/safari\/sfri11471\/mac<\/li>\n<li>Firefox : https:\/\/support.mozilla.org\/en-US\/kb\/clear-cookies-and-site-data-firefox?redirectslug=delete-cookies-remove-info-websites-stored&redirectlocale=en-US<\/li>\n<li>Internet Explorer : https:\/\/support.microsoft.com\/en-us\/topic\/how-to-delete-cookie-files-in-internet-explorer-bca9446f-d873-78de-77ba-d42645fa52fc<\/li>\n<\/ul>\n<p>Si vous utilisez un autre navigateur web, veuillez consulter les documents d\u2019assistance officiels de votre navigateur. Politique en mati\u00e8re de cookies g\u00e9n\u00e9r\u00e9e par CookieYes.<\/p>\n<\/div><\/div><\/div><\/div><\/div>\n","protected":false},"excerpt":{"rendered":"","protected":false},"author":10,"featured_media":0,"parent":0,"menu_order":0,"comment_status":"closed","ping_status":"closed","template":"100-width.php","meta":{"footnotes":""},"class_list":["post-1931","page","type-page","status-publish","hentry"],"yoast_head":"<!-- This site is optimized with the Yoast SEO plugin v26.8 - https:\/\/yoast.com\/product\/yoast-seo-wordpress\/ -->\n<title>POLITIQUE EN MATI\u00c8RE DE COOKIES - Forjas de Berriz<\/title>\n<meta name=\"robots\" content=\"noindex, nofollow\" \/>\n<meta property=\"og:locale\" content=\"fr_FR\" \/>\n<meta property=\"og:type\" content=\"article\" \/>\n<meta property=\"og:title\" content=\"POLITIQUE EN MATI\u00c8RE DE COOKIES - Forjas de Berriz\" \/>\n<meta property=\"og:url\" content=\"https:\/\/www.forjasdeberriz.com\/fr\/politique-en-matiere-de-cookies\/\" \/>\n<meta property=\"og:site_name\" content=\"Forjas de Berriz\" \/>\n<meta property=\"article:modified_time\" content=\"2025-04-09T06:20:25+00:00\" \/>\n<meta name=\"twitter:card\" content=\"summary_large_image\" \/>\n<meta name=\"twitter:label1\" content=\"Est. reading time\" \/>\n\t<meta name=\"twitter:data1\" content=\"3 minutes\" \/>\n<script type=\"application\/ld+json\" class=\"yoast-schema-graph\">{\"@context\":\"https:\/\/schema.org\",\"@graph\":[{\"@type\":\"WebPage\",\"@id\":\"https:\/\/www.forjasdeberriz.com\/fr\/politique-en-matiere-de-cookies\/\",\"url\":\"https:\/\/www.forjasdeberriz.com\/fr\/politique-en-matiere-de-cookies\/\",\"name\":\"POLITIQUE EN MATI\u00c8RE DE COOKIES - Forjas de Berriz\",\"isPartOf\":{\"@id\":\"https:\/\/www.forjasdeberriz.com\/#website\"},\"datePublished\":\"2024-12-09T08:38:23+00:00\",\"dateModified\":\"2025-04-09T06:20:25+00:00\",\"breadcrumb\":{\"@id\":\"https:\/\/www.forjasdeberriz.com\/fr\/politique-en-matiere-de-cookies\/#breadcrumb\"},\"inLanguage\":\"fr-FR\",\"potentialAction\":[{\"@type\":\"ReadAction\",\"target\":[\"https:\/\/www.forjasdeberriz.com\/fr\/politique-en-matiere-de-cookies\/\"]}]},{\"@type\":\"BreadcrumbList\",\"@id\":\"https:\/\/www.forjasdeberriz.com\/fr\/politique-en-matiere-de-cookies\/#breadcrumb\",\"itemListElement\":[{\"@type\":\"ListItem\",\"position\":1,\"name\":\"Home\",\"item\":\"https:\/\/www.forjasdeberriz.com\/fr\/accueil\/\"},{\"@type\":\"ListItem\",\"position\":2,\"name\":\"POLITIQUE EN MATI\u00c8RE DE COOKIES\"}]},{\"@type\":\"WebSite\",\"@id\":\"https:\/\/www.forjasdeberriz.com\/#website\",\"url\":\"https:\/\/www.forjasdeberriz.com\/\",\"name\":\"Forjas de Berriz\",\"description\":\"\",\"potentialAction\":[{\"@type\":\"SearchAction\",\"target\":{\"@type\":\"EntryPoint\",\"urlTemplate\":\"https:\/\/www.forjasdeberriz.com\/?s={search_term_string}\"},\"query-input\":{\"@type\":\"PropertyValueSpecification\",\"valueRequired\":true,\"valueName\":\"search_term_string\"}}],\"inLanguage\":\"fr-FR\"}]}<\/script>\n<!-- \/ Yoast SEO plugin. -->","yoast_head_json":{"title":"POLITIQUE EN MATI\u00c8RE DE COOKIES - Forjas de Berriz","robots":{"index":"noindex","follow":"nofollow"},"og_locale":"fr_FR","og_type":"article","og_title":"POLITIQUE EN MATI\u00c8RE DE COOKIES - Forjas de Berriz","og_url":"https:\/\/www.forjasdeberriz.com\/fr\/politique-en-matiere-de-cookies\/","og_site_name":"Forjas de Berriz","article_modified_time":"2025-04-09T06:20:25+00:00","twitter_card":"summary_large_image","twitter_misc":{"Est. reading time":"3 minutes"},"schema":{"@context":"https:\/\/schema.org","@graph":[{"@type":"WebPage","@id":"https:\/\/www.forjasdeberriz.com\/fr\/politique-en-matiere-de-cookies\/","url":"https:\/\/www.forjasdeberriz.com\/fr\/politique-en-matiere-de-cookies\/","name":"POLITIQUE EN MATI\u00c8RE DE COOKIES - Forjas de Berriz","isPartOf":{"@id":"https:\/\/www.forjasdeberriz.com\/#website"},"datePublished":"2024-12-09T08:38:23+00:00","dateModified":"2025-04-09T06:20:25+00:00","breadcrumb":{"@id":"https:\/\/www.forjasdeberriz.com\/fr\/politique-en-matiere-de-cookies\/#breadcrumb"},"inLanguage":"fr-FR","potentialAction":[{"@type":"ReadAction","target":["https:\/\/www.forjasdeberriz.com\/fr\/politique-en-matiere-de-cookies\/"]}]},{"@type":"BreadcrumbList","@id":"https:\/\/www.forjasdeberriz.com\/fr\/politique-en-matiere-de-cookies\/#breadcrumb","itemListElement":[{"@type":"ListItem","position":1,"name":"Home","item":"https:\/\/www.forjasdeberriz.com\/fr\/accueil\/"},{"@type":"ListItem","position":2,"name":"POLITIQUE EN MATI\u00c8RE DE COOKIES"}]},{"@type":"WebSite","@id":"https:\/\/www.forjasdeberriz.com\/#website","url":"https:\/\/www.forjasdeberriz.com\/","name":"Forjas de Berriz","description":"","potentialAction":[{"@type":"SearchAction","target":{"@type":"EntryPoint","urlTemplate":"https:\/\/www.forjasdeberriz.com\/?s={search_term_string}"},"query-input":{"@type":"PropertyValueSpecification","valueRequired":true,"valueName":"search_term_string"}}],"inLanguage":"fr-FR"}]}},"_links":{"self":[{"href":"https:\/\/www.forjasdeberriz.com\/fr\/wp-json\/wp\/v2\/pages\/1931","targetHints":{"allow":["GET"]}}],"collection":[{"href":"https:\/\/www.forjasdeberriz.com\/fr\/wp-json\/wp\/v2\/pages"}],"about":[{"href":"https:\/\/www.forjasdeberriz.com\/fr\/wp-json\/wp\/v2\/types\/page"}],"author":[{"embeddable":true,"href":"https:\/\/www.forjasdeberriz.com\/fr\/wp-json\/wp\/v2\/users\/10"}],"replies":[{"embeddable":true,"href":"https:\/\/www.forjasdeberriz.com\/fr\/wp-json\/wp\/v2\/comments?post=1931"}],"version-history":[{"count":7,"href":"https:\/\/www.forjasdeberriz.com\/fr\/wp-json\/wp\/v2\/pages\/1931\/revisions"}],"predecessor-version":[{"id":2915,"href":"https:\/\/www.forjasdeberriz.com\/fr\/wp-json\/wp\/v2\/pages\/1931\/revisions\/2915"}],"wp:attachment":[{"href":"https:\/\/www.forjasdeberriz.com\/fr\/wp-json\/wp\/v2\/media?parent=1931"}],"curies":[{"name":"wp","href":"https:\/\/api.w.org\/{rel}","templated":true}]}}