{"id":1992,"date":"2024-10-17T06:50:08","date_gmt":"2024-10-17T06:50:08","guid":{"rendered":"https:\/\/www.forjasdeberriz.com\/systemes-de-levage\/"},"modified":"2025-03-04T13:52:32","modified_gmt":"2025-03-04T13:52:32","slug":"systemes-de-levage","status":"publish","type":"page","link":"https:\/\/www.forjasdeberriz.com\/fr\/systemes-de-levage\/","title":{"rendered":"SYST\u00c8MES DE LEVAGE"},"content":{"rendered":"<p><div class=\"fusion-fullwidth fullwidth-box fusion-builder-row-1 fusion-flex-container fusion-parallax-none hundred-percent-fullwidth non-hundred-percent-height-scrolling\" style=\"--link_hover_color: var(--awb-color1);--link_color: var(--awb-color4);--awb-border-radius-top-left:0px;--awb-border-radius-top-right:0px;--awb-border-radius-bottom-right:0px;--awb-border-radius-bottom-left:0px;--awb-padding-top:61px;--awb-padding-right:11vw;--awb-padding-bottom:208px;--awb-padding-left:11vw;--awb-padding-top-medium:160px;--awb-padding-right-medium:6vw;--awb-padding-bottom-medium:90px;--awb-padding-left-medium:6vw;--awb-padding-top-small:0px;--awb-padding-bottom-small:0px;--awb-margin-top:0px;--awb-margin-bottom:0px;--awb-margin-bottom-small:0px;--awb-background-color:var(--awb-color7);--awb-background-image:linear-gradient(180deg, rgba(249,249,251,0.81) 0%,rgba(249,249,251,0.31) 100%),url(https:\/\/www.forjasdeberriz.com\/wp-content\/uploads\/2024\/10\/sistemas-de-elevacion-dt.png);;--awb-background-size:cover;--awb-flex-wrap:wrap;\" ><div class=\"fusion-builder-row fusion-row fusion-flex-align-items-flex-start fusion-flex-content-wrap\" style=\"width:calc( 100% + 6vw ) !important;max-width:calc( 100% + 6vw ) !important;margin-left: calc(-6vw \/ 2 );margin-right: calc(-6vw \/ 2 );\"><div class=\"fusion-layout-column fusion_builder_column fusion-builder-column-0 fusion_builder_column_1_1 1_1 fusion-flex-column fusion-animated\" style=\"--awb-padding-top:89px;--awb-padding-bottom:79px;--awb-bg-size:cover;--awb-width-large:100%;--awb-margin-top-large:0px;--awb-spacing-right-large:286px;--awb-margin-bottom-large:20px;--awb-spacing-left-large:0px;--awb-width-medium:50%;--awb-order-medium:0;--awb-spacing-right-medium:286px;--awb-spacing-left-medium:0px;--awb-width-small:100%;--awb-order-small:0;--awb-spacing-right-small:3vw;--awb-margin-bottom-small:50px;--awb-spacing-left-small:3vw;\" data-animationType=\"fadeInUp\" data-animationDuration=\"1.2\" data-animationOffset=\"top-into-view\"><div class=\"fusion-column-wrapper fusion-column-has-shadow fusion-flex-justify-content-flex-start fusion-content-layout-row\"><div class=\"fusion-title title fusion-title-1 fusion-sep-none fusion-title-center fusion-title-text fusion-title-size-one\" style=\"--awb-text-color:var(--awb-color7);--awb-font-size:60px;\"><h1 class=\"fusion-title-heading title-heading-center fusion-responsive-typography-calculated\" style=\"font-family:&quot;Barlow Condensed&quot;;font-style:italic;font-weight:600;margin:0;font-size:1em;letter-spacing:10px;--fontSize:60;line-height:var(--awb-typography1-line-height);\"><p style=\"text-align: left;\">SYST\u00c8MES DE LEVAGE<\/p><\/h1><\/div><\/div><\/div><\/div><\/div><div class=\"fusion-fullwidth fullwidth-box fusion-builder-row-2 fusion-flex-container has-pattern-background has-mask-background nonhundred-percent-fullwidth non-hundred-percent-height-scrolling\" style=\"--awb-border-radius-top-left:0px;--awb-border-radius-top-right:0px;--awb-border-radius-bottom-right:0px;--awb-border-radius-bottom-left:0px;--awb-padding-top:71px;--awb-flex-wrap:wrap;\" ><div class=\"fusion-builder-row fusion-row fusion-flex-align-items-flex-start fusion-flex-content-wrap\" style=\"max-width:1248px;margin-left: calc(-4% \/ 2 );margin-right: calc(-4% \/ 2 );\"><div class=\"fusion-layout-column fusion_builder_column fusion-builder-column-1 fusion_builder_column_1_2 1_2 fusion-flex-column fusion-flex-align-self-center\" style=\"--awb-bg-size:cover;--awb-width-large:50%;--awb-margin-top-large:0px;--awb-spacing-right-large:3.84%;--awb-margin-bottom-large:20px;--awb-spacing-left-large:3.84%;--awb-width-medium:50%;--awb-order-medium:0;--awb-spacing-right-medium:3.84%;--awb-spacing-left-medium:3.84%;--awb-width-small:100%;--awb-order-small:0;--awb-spacing-right-small:1.92%;--awb-spacing-left-small:1.92%;\"><div class=\"fusion-column-wrapper fusion-column-has-shadow fusion-flex-justify-content-flex-start fusion-content-layout-column\"><div class=\"fusion-title title fusion-title-2 fusion-sep-none fusion-title-text fusion-title-size-two\" style=\"--awb-text-color:#e8570f;--awb-font-size:40px;\"><h2 class=\"fusion-title-heading title-heading-left awb-gradient-text fusion-responsive-typography-calculated\" style=\"font-family:&quot;Barlow Condensed&quot;;font-style:italic;font-weight:600;margin:0;font-size:1em;background-color:var(--awb-color4);background-image:linear-gradient(90deg, var(--awb-color4) 44%,var(--awb-color5) 60%);--fontSize:40;line-height:var(--awb-typography1-line-height);\">COMPOSANTS POUR CHARIOTS \u00c9L\u00c9VATEURS<\/h2><\/div><div class=\"fusion-text fusion-text-1\" style=\"--awb-letter-spacing:0.000em;\"><p>Nous fabriquons des composants de haute qualit\u00e9 pour les chariots \u00e9l\u00e9vateurs. Nos produits couvrent une large gamme de pi\u00e8ces essentielles pour le m\u00e2t, le syst\u00e8me de levage et les cylindres, toutes fabriqu\u00e9es dans des mat\u00e9riaux durables qui garantissent une longue dur\u00e9e de vie. Gr\u00e2ce \u00e0 nos pi\u00e8ces, les chariots \u00e9l\u00e9vateurs peuvent fonctionner plus efficacement, supporter de lourdes charges et offrir une manipulation souple et fiable.  <\/p>\n<\/div><\/div><\/div><div class=\"fusion-layout-column fusion_builder_column fusion-builder-column-2 fusion_builder_column_1_2 1_2 fusion-flex-column fusion-flex-align-self-center\" style=\"--awb-bg-size:cover;--awb-width-large:50%;--awb-margin-top-large:0px;--awb-spacing-right-large:3.84%;--awb-margin-bottom-large:20px;--awb-spacing-left-large:3.84%;--awb-width-medium:50%;--awb-order-medium:0;--awb-spacing-right-medium:3.84%;--awb-spacing-left-medium:3.84%;--awb-width-small:100%;--awb-order-small:0;--awb-spacing-right-small:1.92%;--awb-spacing-left-small:1.92%;\"><div class=\"fusion-column-wrapper fusion-column-has-shadow fusion-flex-justify-content-flex-start fusion-content-layout-column\"><div class=\"fusion-slider-sc\"><div class=\"fusion-flexslider-loading flexslider flexslider-hover-type-none\" data-slideshow_autoplay=\"1\" data-slideshow_smooth_height=\"0\" data-slideshow_speed=\"7000\" style=\"max-width:100%;height:100%;\"><ul class=\"slides\"><li class=\"image\"><span class=\"fusion-image-hover-element hover-type-none\"><img decoding=\"async\" src=\"https:\/\/www.forjasdeberriz.com\/wp-content\/uploads\/2024\/10\/carretillas-1.png\" width=\"800\" height=\"534\" class=\"wp-image-986\" srcset=\"https:\/\/www.forjasdeberriz.com\/wp-content\/uploads\/2024\/10\/carretillas-1-200x134.png 200w, https:\/\/www.forjasdeberriz.com\/wp-content\/uploads\/2024\/10\/carretillas-1-400x267.png 400w, https:\/\/www.forjasdeberriz.com\/wp-content\/uploads\/2024\/10\/carretillas-1-600x401.png 600w, https:\/\/www.forjasdeberriz.com\/wp-content\/uploads\/2024\/10\/carretillas-1.png 800w\" sizes=\"(max-width: 640px) 100vw, 600px\" \/><\/span><\/li><li class=\"image\"><span class=\"fusion-image-hover-element hover-type-none\"><img decoding=\"async\" src=\"https:\/\/www.forjasdeberriz.com\/wp-content\/uploads\/2024\/11\/carretillas-22.png\" width=\"800\" height=\"534\" class=\"wp-image-1138\" srcset=\"https:\/\/www.forjasdeberriz.com\/wp-content\/uploads\/2024\/11\/carretillas-22-200x134.png 200w, https:\/\/www.forjasdeberriz.com\/wp-content\/uploads\/2024\/11\/carretillas-22-400x267.png 400w, https:\/\/www.forjasdeberriz.com\/wp-content\/uploads\/2024\/11\/carretillas-22-600x401.png 600w, https:\/\/www.forjasdeberriz.com\/wp-content\/uploads\/2024\/11\/carretillas-22.png 800w\" sizes=\"(max-width: 640px) 100vw, 600px\" \/><\/span><\/li><li class=\"image\"><span class=\"fusion-image-hover-element hover-type-none\"><img decoding=\"async\" src=\"https:\/\/www.forjasdeberriz.com\/wp-content\/uploads\/2024\/11\/carretillas-31.png\" width=\"800\" height=\"534\" class=\"wp-image-1139\" srcset=\"https:\/\/www.forjasdeberriz.com\/wp-content\/uploads\/2024\/11\/carretillas-31-200x134.png 200w, https:\/\/www.forjasdeberriz.com\/wp-content\/uploads\/2024\/11\/carretillas-31-400x267.png 400w, https:\/\/www.forjasdeberriz.com\/wp-content\/uploads\/2024\/11\/carretillas-31-600x401.png 600w, https:\/\/www.forjasdeberriz.com\/wp-content\/uploads\/2024\/11\/carretillas-31.png 800w\" sizes=\"(max-width: 640px) 100vw, 600px\" \/><\/span><\/li><li class=\"image\"><span class=\"fusion-image-hover-element hover-type-none\"><img decoding=\"async\" src=\"https:\/\/www.forjasdeberriz.com\/wp-content\/uploads\/2024\/11\/carretillas-41.png\" width=\"800\" height=\"534\" class=\"wp-image-1141\" srcset=\"https:\/\/www.forjasdeberriz.com\/wp-content\/uploads\/2024\/11\/carretillas-41-200x134.png 200w, https:\/\/www.forjasdeberriz.com\/wp-content\/uploads\/2024\/11\/carretillas-41-400x267.png 400w, https:\/\/www.forjasdeberriz.com\/wp-content\/uploads\/2024\/11\/carretillas-41-600x401.png 600w, https:\/\/www.forjasdeberriz.com\/wp-content\/uploads\/2024\/11\/carretillas-41.png 800w\" sizes=\"(max-width: 640px) 100vw, 600px\" \/><\/span><\/li><li class=\"image\"><span class=\"fusion-image-hover-element hover-type-none\"><img decoding=\"async\" src=\"https:\/\/www.forjasdeberriz.com\/wp-content\/uploads\/2024\/10\/carretillas-5.png\" width=\"800\" height=\"534\" class=\"wp-image-990\" srcset=\"https:\/\/www.forjasdeberriz.com\/wp-content\/uploads\/2024\/10\/carretillas-5-200x134.png 200w, https:\/\/www.forjasdeberriz.com\/wp-content\/uploads\/2024\/10\/carretillas-5-400x267.png 400w, https:\/\/www.forjasdeberriz.com\/wp-content\/uploads\/2024\/10\/carretillas-5-600x401.png 600w, https:\/\/www.forjasdeberriz.com\/wp-content\/uploads\/2024\/10\/carretillas-5.png 800w\" sizes=\"(max-width: 640px) 100vw, 600px\" \/><\/span><\/li><li class=\"image\"><span class=\"fusion-image-hover-element hover-type-none\"><img decoding=\"async\" src=\"https:\/\/www.forjasdeberriz.com\/wp-content\/uploads\/2024\/10\/carretillas-6.png\" width=\"800\" height=\"534\" class=\"wp-image-991\" srcset=\"https:\/\/www.forjasdeberriz.com\/wp-content\/uploads\/2024\/10\/carretillas-6-200x134.png 200w, https:\/\/www.forjasdeberriz.com\/wp-content\/uploads\/2024\/10\/carretillas-6-400x267.png 400w, https:\/\/www.forjasdeberriz.com\/wp-content\/uploads\/2024\/10\/carretillas-6-600x401.png 600w, https:\/\/www.forjasdeberriz.com\/wp-content\/uploads\/2024\/10\/carretillas-6.png 800w\" sizes=\"(max-width: 640px) 100vw, 600px\" \/><\/span><\/li><li class=\"image\"><span class=\"fusion-image-hover-element hover-type-none\"><img decoding=\"async\" src=\"https:\/\/www.forjasdeberriz.com\/wp-content\/uploads\/2024\/10\/carretillas-7.png\" width=\"800\" height=\"534\" class=\"wp-image-992\" srcset=\"https:\/\/www.forjasdeberriz.com\/wp-content\/uploads\/2024\/10\/carretillas-7-200x134.png 200w, https:\/\/www.forjasdeberriz.com\/wp-content\/uploads\/2024\/10\/carretillas-7-400x267.png 400w, https:\/\/www.forjasdeberriz.com\/wp-content\/uploads\/2024\/10\/carretillas-7-600x401.png 600w, https:\/\/www.forjasdeberriz.com\/wp-content\/uploads\/2024\/10\/carretillas-7.png 800w\" sizes=\"(max-width: 640px) 100vw, 600px\" \/><\/span><\/li><\/ul><\/div><\/div><\/div><\/div><\/div><\/div><div class=\"fusion-fullwidth fullwidth-box fusion-builder-row-3 fusion-flex-container has-pattern-background has-mask-background nonhundred-percent-fullwidth non-hundred-percent-height-scrolling\" style=\"--awb-border-radius-top-left:0px;--awb-border-radius-top-right:0px;--awb-border-radius-bottom-right:0px;--awb-border-radius-bottom-left:0px;--awb-padding-top:71px;--awb-flex-wrap:wrap;\" ><div class=\"fusion-builder-row fusion-row fusion-flex-align-items-flex-start fusion-flex-content-wrap\" style=\"max-width:1248px;margin-left: calc(-4% \/ 2 );margin-right: calc(-4% \/ 2 );\"><div class=\"fusion-layout-column fusion_builder_column fusion-builder-column-3 fusion_builder_column_1_2 1_2 fusion-flex-column fusion-flex-align-self-center\" style=\"--awb-bg-size:cover;--awb-width-large:50%;--awb-margin-top-large:0px;--awb-spacing-right-large:3.84%;--awb-margin-bottom-large:20px;--awb-spacing-left-large:3.84%;--awb-width-medium:50%;--awb-order-medium:0;--awb-spacing-right-medium:3.84%;--awb-spacing-left-medium:3.84%;--awb-width-small:100%;--awb-order-small:0;--awb-spacing-right-small:1.92%;--awb-spacing-left-small:1.92%;\"><div class=\"fusion-column-wrapper fusion-column-has-shadow fusion-flex-justify-content-flex-start fusion-content-layout-column\"><div class=\"fusion-title title fusion-title-3 fusion-sep-none fusion-title-text fusion-title-size-two\" style=\"--awb-text-color:#e8570f;--awb-font-size:40px;\"><h2 class=\"fusion-title-heading title-heading-left awb-gradient-text fusion-responsive-typography-calculated\" style=\"font-family:&quot;Barlow Condensed&quot;;font-style:italic;font-weight:600;margin:0;font-size:1em;background-color:var(--awb-color4);background-image:linear-gradient(90deg, var(--awb-color4) 14%,var(--awb-color5) 32%);--fontSize:40;line-height:var(--awb-typography1-line-height);\">V\u00c9RINS HYDRAULIQUES<\/h2><\/div><div class=\"fusion-text fusion-text-2\" style=\"--awb-letter-spacing:0.00em;\"><p>Entre autres composants, nous forgeons les t\u00eates et les fonds qui fixent la position des v\u00e9rins et permettent \u00e0 la t\u00eate de tourner. La robustesse de nos pi\u00e8ces est essentielle pour r\u00e9sister aux charges \u00e9lev\u00e9es qu\u2019un v\u00e9rin hydraulique doit supporter dans les applications industrielles et de transport de v\u00e9hicules. <\/p>\n<\/div><\/div><\/div><div class=\"fusion-layout-column fusion_builder_column fusion-builder-column-4 fusion_builder_column_1_2 1_2 fusion-flex-column fusion-flex-align-self-center\" style=\"--awb-bg-size:cover;--awb-width-large:50%;--awb-margin-top-large:0px;--awb-spacing-right-large:3.84%;--awb-margin-bottom-large:20px;--awb-spacing-left-large:3.84%;--awb-width-medium:50%;--awb-order-medium:0;--awb-spacing-right-medium:3.84%;--awb-spacing-left-medium:3.84%;--awb-width-small:100%;--awb-order-small:0;--awb-spacing-right-small:1.92%;--awb-spacing-left-small:1.92%;\"><div class=\"fusion-column-wrapper fusion-column-has-shadow fusion-flex-justify-content-flex-start fusion-content-layout-column\"><div class=\"fusion-slider-sc\"><div class=\"fusion-flexslider-loading flexslider flexslider-hover-type-none\" data-slideshow_autoplay=\"1\" data-slideshow_smooth_height=\"0\" data-slideshow_speed=\"7000\" style=\"max-width:100%;height:100%;\"><ul class=\"slides\"><li class=\"image\"><span class=\"fusion-image-hover-element hover-type-none\"><img decoding=\"async\" src=\"https:\/\/www.forjasdeberriz.com\/wp-content\/uploads\/2024\/10\/cilindro-1.png\" width=\"800\" height=\"534\" class=\"wp-image-980\" srcset=\"https:\/\/www.forjasdeberriz.com\/wp-content\/uploads\/2024\/10\/cilindro-1-200x134.png 200w, https:\/\/www.forjasdeberriz.com\/wp-content\/uploads\/2024\/10\/cilindro-1-400x267.png 400w, https:\/\/www.forjasdeberriz.com\/wp-content\/uploads\/2024\/10\/cilindro-1-600x401.png 600w, https:\/\/www.forjasdeberriz.com\/wp-content\/uploads\/2024\/10\/cilindro-1.png 800w\" sizes=\"(max-width: 640px) 100vw, 600px\" \/><\/span><\/li><li class=\"image\"><span class=\"fusion-image-hover-element hover-type-none\"><img decoding=\"async\" src=\"https:\/\/www.forjasdeberriz.com\/wp-content\/uploads\/2024\/11\/cilindro-31-1.png\" width=\"800\" height=\"534\" class=\"wp-image-1131\" srcset=\"https:\/\/www.forjasdeberriz.com\/wp-content\/uploads\/2024\/11\/cilindro-31-1-200x134.png 200w, https:\/\/www.forjasdeberriz.com\/wp-content\/uploads\/2024\/11\/cilindro-31-1-400x267.png 400w, https:\/\/www.forjasdeberriz.com\/wp-content\/uploads\/2024\/11\/cilindro-31-1-600x401.png 600w, https:\/\/www.forjasdeberriz.com\/wp-content\/uploads\/2024\/11\/cilindro-31-1.png 800w\" sizes=\"(max-width: 640px) 100vw, 600px\" \/><\/span><\/li><li class=\"image\"><span class=\"fusion-image-hover-element hover-type-none\"><img decoding=\"async\" src=\"https:\/\/www.forjasdeberriz.com\/wp-content\/uploads\/2024\/11\/cilindro-21.png\" width=\"800\" height=\"534\" class=\"wp-image-1129\" srcset=\"https:\/\/www.forjasdeberriz.com\/wp-content\/uploads\/2024\/11\/cilindro-21-200x134.png 200w, https:\/\/www.forjasdeberriz.com\/wp-content\/uploads\/2024\/11\/cilindro-21-400x267.png 400w, https:\/\/www.forjasdeberriz.com\/wp-content\/uploads\/2024\/11\/cilindro-21-600x401.png 600w, https:\/\/www.forjasdeberriz.com\/wp-content\/uploads\/2024\/11\/cilindro-21.png 800w\" sizes=\"(max-width: 640px) 100vw, 600px\" \/><\/span><\/li><li class=\"image\"><span class=\"fusion-image-hover-element hover-type-none\"><img decoding=\"async\" src=\"https:\/\/www.forjasdeberriz.com\/wp-content\/uploads\/2024\/11\/cilindro-11.png\" width=\"800\" height=\"534\" class=\"wp-image-1135\" srcset=\"https:\/\/www.forjasdeberriz.com\/wp-content\/uploads\/2024\/11\/cilindro-11-200x134.png 200w, https:\/\/www.forjasdeberriz.com\/wp-content\/uploads\/2024\/11\/cilindro-11-400x267.png 400w, https:\/\/www.forjasdeberriz.com\/wp-content\/uploads\/2024\/11\/cilindro-11-600x401.png 600w, https:\/\/www.forjasdeberriz.com\/wp-content\/uploads\/2024\/11\/cilindro-11.png 800w\" sizes=\"(max-width: 640px) 100vw, 600px\" \/><\/span><\/li><\/ul><\/div><\/div><\/div><\/div><\/div><\/div><\/p>\n","protected":false},"excerpt":{"rendered":"","protected":false},"author":1,"featured_media":0,"parent":0,"menu_order":0,"comment_status":"closed","ping_status":"closed","template":"100-width.php","meta":{"footnotes":""},"class_list":["post-1992","page","type-page","status-publish","hentry"],"yoast_head":"<!-- This site is optimized with the Yoast SEO plugin v26.8 - https:\/\/yoast.com\/product\/yoast-seo-wordpress\/ -->\n<title>Forgeage de pi\u00e8ces en acier pour syst\u00e8mes de levage<\/title>\n<meta name=\"description\" content=\"Fabrication de pi\u00e8ces pour syst\u00e8mes de levage. Composants et pi\u00e8ces en acier forg\u00e9 \u00e0 chaud de haute qualit\u00e9 pour chariots \u00e9l\u00e9vateurs et v\u00e9rins hydrauliques.\" \/>\n<meta name=\"robots\" content=\"index, follow, max-snippet:-1, max-image-preview:large, max-video-preview:-1\" \/>\n<link rel=\"canonical\" href=\"https:\/\/www.forjasdeberriz.com\/fr\/systemes-de-levage\/\" \/>\n<meta property=\"og:locale\" content=\"fr_FR\" \/>\n<meta property=\"og:type\" content=\"article\" \/>\n<meta property=\"og:title\" content=\"Pi\u00e8ces du syst\u00e8me de levage et cylindre\" \/>\n<meta property=\"og:description\" content=\"Nous fabriquons des composants de haute qualit\u00e9 pour les chariots \u00e9l\u00e9vateurs et les cylindres, tous fabriqu\u00e9s dans des mat\u00e9riaux durables qui garantissent une longue dur\u00e9e de vie.\" \/>\n<meta property=\"og:url\" content=\"https:\/\/www.forjasdeberriz.com\/fr\/systemes-de-levage\/\" \/>\n<meta property=\"og:site_name\" content=\"Forjas de Berriz\" \/>\n<meta property=\"article:modified_time\" content=\"2025-03-04T13:52:32+00:00\" \/>\n<meta property=\"og:image\" content=\"https:\/\/www.forjasdeberriz.com\/wp-content\/uploads\/2024\/11\/carretillas-31-600x401.png\" \/>\n<meta name=\"twitter:card\" content=\"summary_large_image\" \/>\n<meta name=\"twitter:label1\" content=\"Est. reading time\" \/>\n\t<meta name=\"twitter:data1\" content=\"14 minutes\" \/>\n<script type=\"application\/ld+json\" class=\"yoast-schema-graph\">{\"@context\":\"https:\/\/schema.org\",\"@graph\":[{\"@type\":\"WebPage\",\"@id\":\"https:\/\/www.forjasdeberriz.com\/fr\/systemes-de-levage\/\",\"url\":\"https:\/\/www.forjasdeberriz.com\/fr\/systemes-de-levage\/\",\"name\":\"Forgeage de pi\u00e8ces en acier pour syst\u00e8mes de levage\",\"isPartOf\":{\"@id\":\"https:\/\/www.forjasdeberriz.com\/#website\"},\"datePublished\":\"2024-10-17T06:50:08+00:00\",\"dateModified\":\"2025-03-04T13:52:32+00:00\",\"description\":\"Fabrication de pi\u00e8ces pour syst\u00e8mes de levage. Composants et pi\u00e8ces en acier forg\u00e9 \u00e0 chaud de haute qualit\u00e9 pour chariots \u00e9l\u00e9vateurs et v\u00e9rins hydrauliques.\",\"breadcrumb\":{\"@id\":\"https:\/\/www.forjasdeberriz.com\/fr\/systemes-de-levage\/#breadcrumb\"},\"inLanguage\":\"fr-FR\",\"potentialAction\":[{\"@type\":\"ReadAction\",\"target\":[\"https:\/\/www.forjasdeberriz.com\/fr\/systemes-de-levage\/\"]}]},{\"@type\":\"BreadcrumbList\",\"@id\":\"https:\/\/www.forjasdeberriz.com\/fr\/systemes-de-levage\/#breadcrumb\",\"itemListElement\":[{\"@type\":\"ListItem\",\"position\":1,\"name\":\"Home\",\"item\":\"https:\/\/www.forjasdeberriz.com\/fr\/accueil\/\"},{\"@type\":\"ListItem\",\"position\":2,\"name\":\"SYST\u00c8MES DE LEVAGE\"}]},{\"@type\":\"WebSite\",\"@id\":\"https:\/\/www.forjasdeberriz.com\/#website\",\"url\":\"https:\/\/www.forjasdeberriz.com\/\",\"name\":\"Forjas de Berriz\",\"description\":\"\",\"potentialAction\":[{\"@type\":\"SearchAction\",\"target\":{\"@type\":\"EntryPoint\",\"urlTemplate\":\"https:\/\/www.forjasdeberriz.com\/?s={search_term_string}\"},\"query-input\":{\"@type\":\"PropertyValueSpecification\",\"valueRequired\":true,\"valueName\":\"search_term_string\"}}],\"inLanguage\":\"fr-FR\"}]}<\/script>\n<!-- \/ Yoast SEO plugin. -->","yoast_head_json":{"title":"Forgeage de pi\u00e8ces en acier pour syst\u00e8mes de levage","description":"Fabrication de pi\u00e8ces pour syst\u00e8mes de levage. Composants et pi\u00e8ces en acier forg\u00e9 \u00e0 chaud de haute qualit\u00e9 pour chariots \u00e9l\u00e9vateurs et v\u00e9rins hydrauliques.","robots":{"index":"index","follow":"follow","max-snippet":"max-snippet:-1","max-image-preview":"max-image-preview:large","max-video-preview":"max-video-preview:-1"},"canonical":"https:\/\/www.forjasdeberriz.com\/fr\/systemes-de-levage\/","og_locale":"fr_FR","og_type":"article","og_title":"Pi\u00e8ces du syst\u00e8me de levage et cylindre","og_description":"Nous fabriquons des composants de haute qualit\u00e9 pour les chariots \u00e9l\u00e9vateurs et les cylindres, tous fabriqu\u00e9s dans des mat\u00e9riaux durables qui garantissent une longue dur\u00e9e de vie.","og_url":"https:\/\/www.forjasdeberriz.com\/fr\/systemes-de-levage\/","og_site_name":"Forjas de Berriz","article_modified_time":"2025-03-04T13:52:32+00:00","og_image":[{"url":"https:\/\/www.forjasdeberriz.com\/wp-content\/uploads\/2024\/11\/carretillas-31-600x401.png","type":"","width":"","height":""}],"twitter_card":"summary_large_image","twitter_misc":{"Est. reading time":"14 minutes"},"schema":{"@context":"https:\/\/schema.org","@graph":[{"@type":"WebPage","@id":"https:\/\/www.forjasdeberriz.com\/fr\/systemes-de-levage\/","url":"https:\/\/www.forjasdeberriz.com\/fr\/systemes-de-levage\/","name":"Forgeage de pi\u00e8ces en acier pour syst\u00e8mes de levage","isPartOf":{"@id":"https:\/\/www.forjasdeberriz.com\/#website"},"datePublished":"2024-10-17T06:50:08+00:00","dateModified":"2025-03-04T13:52:32+00:00","description":"Fabrication de pi\u00e8ces pour syst\u00e8mes de levage. Composants et pi\u00e8ces en acier forg\u00e9 \u00e0 chaud de haute qualit\u00e9 pour chariots \u00e9l\u00e9vateurs et v\u00e9rins hydrauliques.","breadcrumb":{"@id":"https:\/\/www.forjasdeberriz.com\/fr\/systemes-de-levage\/#breadcrumb"},"inLanguage":"fr-FR","potentialAction":[{"@type":"ReadAction","target":["https:\/\/www.forjasdeberriz.com\/fr\/systemes-de-levage\/"]}]},{"@type":"BreadcrumbList","@id":"https:\/\/www.forjasdeberriz.com\/fr\/systemes-de-levage\/#breadcrumb","itemListElement":[{"@type":"ListItem","position":1,"name":"Home","item":"https:\/\/www.forjasdeberriz.com\/fr\/accueil\/"},{"@type":"ListItem","position":2,"name":"SYST\u00c8MES DE LEVAGE"}]},{"@type":"WebSite","@id":"https:\/\/www.forjasdeberriz.com\/#website","url":"https:\/\/www.forjasdeberriz.com\/","name":"Forjas de Berriz","description":"","potentialAction":[{"@type":"SearchAction","target":{"@type":"EntryPoint","urlTemplate":"https:\/\/www.forjasdeberriz.com\/?s={search_term_string}"},"query-input":{"@type":"PropertyValueSpecification","valueRequired":true,"valueName":"search_term_string"}}],"inLanguage":"fr-FR"}]}},"_links":{"self":[{"href":"https:\/\/www.forjasdeberriz.com\/fr\/wp-json\/wp\/v2\/pages\/1992","targetHints":{"allow":["GET"]}}],"collection":[{"href":"https:\/\/www.forjasdeberriz.com\/fr\/wp-json\/wp\/v2\/pages"}],"about":[{"href":"https:\/\/www.forjasdeberriz.com\/fr\/wp-json\/wp\/v2\/types\/page"}],"author":[{"embeddable":true,"href":"https:\/\/www.forjasdeberriz.com\/fr\/wp-json\/wp\/v2\/users\/1"}],"replies":[{"embeddable":true,"href":"https:\/\/www.forjasdeberriz.com\/fr\/wp-json\/wp\/v2\/comments?post=1992"}],"version-history":[{"count":17,"href":"https:\/\/www.forjasdeberriz.com\/fr\/wp-json\/wp\/v2\/pages\/1992\/revisions"}],"predecessor-version":[{"id":2690,"href":"https:\/\/www.forjasdeberriz.com\/fr\/wp-json\/wp\/v2\/pages\/1992\/revisions\/2690"}],"wp:attachment":[{"href":"https:\/\/www.forjasdeberriz.com\/fr\/wp-json\/wp\/v2\/media?parent=1992"}],"curies":[{"name":"wp","href":"https:\/\/api.w.org\/{rel}","templated":true}]}}