{"id":2074,"date":"2024-11-11T11:37:00","date_gmt":"2024-11-11T11:37:00","guid":{"rendered":"https:\/\/www.forjasdeberriz.com\/politique-de-confidentialite\/"},"modified":"2025-03-04T14:13:09","modified_gmt":"2025-03-04T14:13:09","slug":"politique-de-confidentialite","status":"publish","type":"page","link":"https:\/\/www.forjasdeberriz.com\/fr\/politique-de-confidentialite\/","title":{"rendered":"POLITIQUE DE CONFIDENTIALIT\u00c9"},"content":{"rendered":"<div class=\"fusion-fullwidth fullwidth-box fusion-builder-row-1 fusion-flex-container nonhundred-percent-fullwidth non-hundred-percent-height-scrolling\" style=\"--link_color: var(--awb-color8);--awb-border-radius-top-left:0px;--awb-border-radius-top-right:0px;--awb-border-radius-bottom-right:0px;--awb-border-radius-bottom-left:0px;--awb-padding-top:78px;--awb-padding-right:119px;--awb-padding-bottom:99px;--awb-padding-left:104px;--awb-margin-top:52px;--awb-flex-wrap:wrap;\" ><div class=\"fusion-builder-row fusion-row fusion-flex-align-items-flex-start fusion-flex-content-wrap\" style=\"max-width:1248px;margin-left: calc(-4% \/ 2 );margin-right: calc(-4% \/ 2 );\"><div class=\"fusion-layout-column fusion_builder_column fusion-builder-column-0 fusion_builder_column_1_1 1_1 fusion-flex-column\" style=\"--awb-bg-blend:overlay;--awb-bg-size:cover;--awb-width-large:100%;--awb-margin-top-large:0px;--awb-spacing-right-large:0%;--awb-margin-bottom-large:0px;--awb-spacing-left-large:0%;--awb-width-medium:100%;--awb-spacing-right-medium:0%;--awb-spacing-left-medium:0%;--awb-width-small:100%;--awb-spacing-right-small:1.92%;--awb-spacing-left-small:1.92%;\"><div class=\"fusion-column-wrapper fusion-flex-justify-content-flex-start fusion-content-layout-column\"><div class=\"fusion-title title fusion-title-1 fusion-sep-none fusion-title-text fusion-title-size-one\" style=\"--awb-margin-bottom:40px;--awb-font-size:30px;\"><h1 class=\"fusion-title-heading title-heading-left fusion-responsive-typography-calculated\" style=\"margin:0;font-size:1em;--fontSize:30;line-height:var(--awb-typography1-line-height);\">POLITIQUE DE CONFIDENTIALIT\u00c9<\/h1><\/div><div class=\"fusion-text fusion-text-1\"><p><strong>Introduction<br \/><\/strong>Forjas de Berriz S.L. s\u2019engage \u00e0 prot\u00e9ger la vie priv\u00e9e de ses utilisateurs et garantit le respect de la r\u00e9glementation en mati\u00e8re de protection des donn\u00e9es, en particulier le R\u00e8glement g\u00e9n\u00e9ral sur la protection des donn\u00e9es (RGPD).<\/p>\n<p><strong><br \/>Contr\u00f4leur des donn\u00e9es<\/strong><br \/>Le contr\u00f4leur des donn\u00e9es est Forjas de Berriz, dont le si\u00e8ge social se trouve \u00e0 Pol. Ind. Tabernabarri, 1A, 48215 lurreta, Vizcaya (Espagne), et le num\u00e9ro de contact +34 94 682 65 20.<\/p>\n<p><strong><br \/>Donn\u00e9es personnelles collect\u00e9es<\/strong><br \/>Nous collectons les donn\u00e9es personnelles suivantes :<\/p>\n<ul>\n<li>Informations de contact (nom, adresse \u00e9lectronique, num\u00e9ro de t\u00e9l\u00e9phone).<\/li>\n<li>Donn\u00e9es relatives \u00e0 la navigation et \u00e0 l\u2019utilisation du site web.<\/li>\n<\/ul>\n<p><b><br \/>Finalit\u00e9 du traitement des donn\u00e9es<br \/><\/b>Les donn\u00e9es personnelles collect\u00e9es sont utilis\u00e9es aux fins suivantes :<\/p>\n<ul>\n<li>Fournir et am\u00e9liorer nos services.<\/li>\n<li>R\u00e9pondre aux questions et aux demandes des utilisateurs.<\/li>\n<li>Respecter les obligations l\u00e9gales.<\/li>\n<\/ul>\n<p><strong><br \/>Conservation des donn\u00e9es<\/strong><br \/>Les donn\u00e9es personnelles sont conserv\u00e9es pendant la dur\u00e9e n\u00e9cessaire \u00e0 la r\u00e9alisation de l\u2019objectif pour lequel elles ont \u00e9t\u00e9 collect\u00e9es ou jusqu\u2019\u00e0 ce que l\u2019utilisateur demande leur suppression, \u00e0 moins qu\u2019une p\u00e9riode de conservation sp\u00e9cifique ne soit requise par la loi.<\/p>\n<p><strong><br \/>Destinataires des donn\u00e9es<\/strong><br \/>Nous ne partageons pas les donn\u00e9es personnelles avec des tiers, sauf dans les cas o\u00f9 cela est n\u00e9cessaire pour se conformer aux obligations l\u00e9gales ou lorsque l\u2019utilisateur a donn\u00e9 son consentement.<\/p>\n<p><strong><br \/>Droits des utilisateurs<\/strong><br \/>Les utilisateurs ont le droit de :<\/p>\n<ul>\n<li>Acc\u00e8s \u00e0 vos donn\u00e9es personnelles.<\/li>\n<li>Rectification des donn\u00e9es incorrectes.<\/li>\n<li>Suppression de vos donn\u00e9es personnelles.<\/li>\n<li>Limitation du traitement des donn\u00e9es.<\/li>\n<li>Portabilit\u00e9 de vos donn\u00e9es.<\/li>\n<li>Opposition au traitement de vos donn\u00e9es.<\/li>\n<\/ul>\n<p>Pour exercer ces droits, l\u2019utilisateur peut contacter comercial@forjasdeberriz.com.<\/p>\n<p><strong><br \/>Modifications de la politique de<\/strong> confidentialit\u00e9<br \/>Nous nous r\u00e9servons le droit de modifier cette politique de confidentialit\u00e9 \u00e0 tout moment. La version actualis\u00e9e sera disponible sur notre site web.<\/p>\n<\/div><\/div><\/div><\/div><\/div>\n","protected":false},"excerpt":{"rendered":"","protected":false},"author":1,"featured_media":0,"parent":0,"menu_order":0,"comment_status":"closed","ping_status":"closed","template":"100-width.php","meta":{"footnotes":""},"class_list":["post-2074","page","type-page","status-publish","hentry"],"yoast_head":"<!-- This site is optimized with the Yoast SEO plugin v26.8 - https:\/\/yoast.com\/product\/yoast-seo-wordpress\/ -->\n<title>POLITIQUE DE CONFIDENTIALIT\u00c9 - Forjas de Berriz<\/title>\n<meta name=\"robots\" content=\"noindex, nofollow\" \/>\n<meta property=\"og:locale\" content=\"fr_FR\" \/>\n<meta property=\"og:type\" content=\"article\" \/>\n<meta property=\"og:title\" content=\"POLITIQUE DE CONFIDENTIALIT\u00c9 - Forjas de Berriz\" \/>\n<meta property=\"og:url\" content=\"https:\/\/www.forjasdeberriz.com\/fr\/politique-de-confidentialite\/\" \/>\n<meta property=\"og:site_name\" content=\"Forjas de Berriz\" \/>\n<meta property=\"article:modified_time\" content=\"2025-03-04T14:13:09+00:00\" \/>\n<meta name=\"twitter:card\" content=\"summary_large_image\" \/>\n<meta name=\"twitter:label1\" content=\"Est. reading time\" \/>\n\t<meta name=\"twitter:data1\" content=\"3 minutes\" \/>\n<script type=\"application\/ld+json\" class=\"yoast-schema-graph\">{\"@context\":\"https:\/\/schema.org\",\"@graph\":[{\"@type\":\"WebPage\",\"@id\":\"https:\/\/www.forjasdeberriz.com\/fr\/politique-de-confidentialite\/\",\"url\":\"https:\/\/www.forjasdeberriz.com\/fr\/politique-de-confidentialite\/\",\"name\":\"POLITIQUE DE CONFIDENTIALIT\u00c9 - Forjas de Berriz\",\"isPartOf\":{\"@id\":\"https:\/\/www.forjasdeberriz.com\/#website\"},\"datePublished\":\"2024-11-11T11:37:00+00:00\",\"dateModified\":\"2025-03-04T14:13:09+00:00\",\"breadcrumb\":{\"@id\":\"https:\/\/www.forjasdeberriz.com\/fr\/politique-de-confidentialite\/#breadcrumb\"},\"inLanguage\":\"fr-FR\",\"potentialAction\":[{\"@type\":\"ReadAction\",\"target\":[\"https:\/\/www.forjasdeberriz.com\/fr\/politique-de-confidentialite\/\"]}]},{\"@type\":\"BreadcrumbList\",\"@id\":\"https:\/\/www.forjasdeberriz.com\/fr\/politique-de-confidentialite\/#breadcrumb\",\"itemListElement\":[{\"@type\":\"ListItem\",\"position\":1,\"name\":\"Home\",\"item\":\"https:\/\/www.forjasdeberriz.com\/fr\/accueil\/\"},{\"@type\":\"ListItem\",\"position\":2,\"name\":\"POLITIQUE DE CONFIDENTIALIT\u00c9\"}]},{\"@type\":\"WebSite\",\"@id\":\"https:\/\/www.forjasdeberriz.com\/#website\",\"url\":\"https:\/\/www.forjasdeberriz.com\/\",\"name\":\"Forjas de Berriz\",\"description\":\"\",\"potentialAction\":[{\"@type\":\"SearchAction\",\"target\":{\"@type\":\"EntryPoint\",\"urlTemplate\":\"https:\/\/www.forjasdeberriz.com\/?s={search_term_string}\"},\"query-input\":{\"@type\":\"PropertyValueSpecification\",\"valueRequired\":true,\"valueName\":\"search_term_string\"}}],\"inLanguage\":\"fr-FR\"}]}<\/script>\n<!-- \/ Yoast SEO plugin. -->","yoast_head_json":{"title":"POLITIQUE DE CONFIDENTIALIT\u00c9 - Forjas de Berriz","robots":{"index":"noindex","follow":"nofollow"},"og_locale":"fr_FR","og_type":"article","og_title":"POLITIQUE DE CONFIDENTIALIT\u00c9 - Forjas de Berriz","og_url":"https:\/\/www.forjasdeberriz.com\/fr\/politique-de-confidentialite\/","og_site_name":"Forjas de Berriz","article_modified_time":"2025-03-04T14:13:09+00:00","twitter_card":"summary_large_image","twitter_misc":{"Est. reading time":"3 minutes"},"schema":{"@context":"https:\/\/schema.org","@graph":[{"@type":"WebPage","@id":"https:\/\/www.forjasdeberriz.com\/fr\/politique-de-confidentialite\/","url":"https:\/\/www.forjasdeberriz.com\/fr\/politique-de-confidentialite\/","name":"POLITIQUE DE CONFIDENTIALIT\u00c9 - Forjas de Berriz","isPartOf":{"@id":"https:\/\/www.forjasdeberriz.com\/#website"},"datePublished":"2024-11-11T11:37:00+00:00","dateModified":"2025-03-04T14:13:09+00:00","breadcrumb":{"@id":"https:\/\/www.forjasdeberriz.com\/fr\/politique-de-confidentialite\/#breadcrumb"},"inLanguage":"fr-FR","potentialAction":[{"@type":"ReadAction","target":["https:\/\/www.forjasdeberriz.com\/fr\/politique-de-confidentialite\/"]}]},{"@type":"BreadcrumbList","@id":"https:\/\/www.forjasdeberriz.com\/fr\/politique-de-confidentialite\/#breadcrumb","itemListElement":[{"@type":"ListItem","position":1,"name":"Home","item":"https:\/\/www.forjasdeberriz.com\/fr\/accueil\/"},{"@type":"ListItem","position":2,"name":"POLITIQUE DE CONFIDENTIALIT\u00c9"}]},{"@type":"WebSite","@id":"https:\/\/www.forjasdeberriz.com\/#website","url":"https:\/\/www.forjasdeberriz.com\/","name":"Forjas de Berriz","description":"","potentialAction":[{"@type":"SearchAction","target":{"@type":"EntryPoint","urlTemplate":"https:\/\/www.forjasdeberriz.com\/?s={search_term_string}"},"query-input":{"@type":"PropertyValueSpecification","valueRequired":true,"valueName":"search_term_string"}}],"inLanguage":"fr-FR"}]}},"_links":{"self":[{"href":"https:\/\/www.forjasdeberriz.com\/fr\/wp-json\/wp\/v2\/pages\/2074","targetHints":{"allow":["GET"]}}],"collection":[{"href":"https:\/\/www.forjasdeberriz.com\/fr\/wp-json\/wp\/v2\/pages"}],"about":[{"href":"https:\/\/www.forjasdeberriz.com\/fr\/wp-json\/wp\/v2\/types\/page"}],"author":[{"embeddable":true,"href":"https:\/\/www.forjasdeberriz.com\/fr\/wp-json\/wp\/v2\/users\/1"}],"replies":[{"embeddable":true,"href":"https:\/\/www.forjasdeberriz.com\/fr\/wp-json\/wp\/v2\/comments?post=2074"}],"version-history":[{"count":8,"href":"https:\/\/www.forjasdeberriz.com\/fr\/wp-json\/wp\/v2\/pages\/2074\/revisions"}],"predecessor-version":[{"id":2732,"href":"https:\/\/www.forjasdeberriz.com\/fr\/wp-json\/wp\/v2\/pages\/2074\/revisions\/2732"}],"wp:attachment":[{"href":"https:\/\/www.forjasdeberriz.com\/fr\/wp-json\/wp\/v2\/media?parent=2074"}],"curies":[{"name":"wp","href":"https:\/\/api.w.org\/{rel}","templated":true}]}}